{"id":39,"date":"2023-09-05T13:17:10","date_gmt":"2023-09-05T13:17:10","guid":{"rendered":"https:\/\/cemedifa.com\/wp\/about-us\/"},"modified":"2025-06-10T16:05:07","modified_gmt":"2025-06-10T16:05:07","slug":"about-us","status":"publish","type":"page","link":"https:\/\/cemedifa.com\/wp\/about-us\/","title":{"rendered":"Nosotros"},"content":{"rendered":"\n\n\n\n\n\n\n<p [object NamedNodeMap]>Somos una empresa del sector salud, fundada sobre s\u00f3lidos valores y creencias, consolidadas por nuestro personal, en la atenci\u00f3n y servicios que prestamos a<br>nuestros pacientes e instituciones<\/p>\n\n\n\n\n\n\n\n<h2>\u00a1Quienes somos!<\/h2>\n\n\n\n\u201cSomos un grupos de profesionales en el \u00e1rea de\nla <strong><em>salud<\/em><\/strong>, <strong><em>medicina <\/em><\/strong>y <strong>epidemiologia<\/strong>, dedicados\nal fortalecimiento de la salud a nivel de\nseguros y particular\u00bb&nbsp;\n\n\n\n&nbsp;Realizamos operativos de\n<em><strong>salud <\/strong><\/em>a nivel nacional, empresarial (in situ) y\ncomunidades en general. Nuestro compromiso\nesta enfocado al mantenimiento del buen\nestado de salud del paciente, a trav\u00e9s de la\nprestaci\u00f3n de un servicio integral, mediante\nlas nuevas tecnolog\u00eda para su diagnostico y\npronta recuperaci\u00f3n.\n\n\n\n<p><br><\/p>\n\n\n\n\n\n\n\n\n\n\n\n\n\n<h6>A\u00f1os de Experiencias\u00a0<\/h6>\n\n\n\n\n\n\n\n<h6>\u00a0Pacientes Satisfechos<\/h6>\n\n\n\n\n\n\n\n<h6>Consultas Diarias<\/h6>\n\n\n\n\n\n\n\n<h6>Departments<\/h6>\n\n\n\n\n\n\n\n\n\n<h3>Visi\u00f3n<\/h3>\n\n\n\n<p [object NamedNodeMap]><span style=\"font-size: medium;\">Ser una compa\u00f1\u00eda que cubra las necesidades de salud a nivel general, seguros y<br>empresariales, en cuanto a servicio de medicina, a trav\u00e9s de la prestaci\u00f3n de<br>servicios que cubran necesidades especificas, con la finalidad de crear y<br>desarrollar un sistema de salud integral, que sea rentable, de excelente calidad,<br>y que cubra las necesidades y requerimientos de los Pacientes y compa\u00f1\u00edas de<br>seguros<\/span>..<\/p>\n\n\n\n\n\n<h3>Misi\u00f3n<\/h3>\n\n\n\n<p [object NamedNodeMap]>Ser una empresa de reconocido prestigio nacional, con autonom\u00eda<br>administrativa, en donde se brinde un servicio de excelente calidad, y en donde<br>el mejoramiento continuo en todas las \u00e1reas sean del agrado de nuestros<br>pacientes, de eficiente gesti\u00f3n, competitividad, alianza estrat\u00e9gicas en el \u00e1mbito<br>nacional, comprometidos con el servicio a las compa\u00f1\u00edas de seguros y pacientes<br>en general.<\/p>\n\n\n\n\n\n<h3>Objetivo<\/h3>\n\n\n\n<p style=\"text-align: justify;\">Desarrollar programas de prevenci\u00f3n en salud, brindar soluciones seg\u00fan las\nnecesidades de las compa\u00f1\u00edas de salud y pacientes en general, capacitar al\nempleado, atender las necesidades del pacientes..<\/p>\n\n\n\n\n","protected":false},"excerpt":{"rendered":"","protected":false},"author":6,"featured_media":0,"parent":0,"menu_order":0,"comment_status":"closed","ping_status":"closed","template":"","meta":{"pagelayer_contact_templates":[],"_pagelayer_content":"","_joinchat":[],"footnotes":""},"class_list":["post-39","page","type-page","status-publish","hentry"],"_links":{"self":[{"href":"https:\/\/cemedifa.com\/wp\/wp-json\/wp\/v2\/pages\/39","targetHints":{"allow":["GET"]}}],"collection":[{"href":"https:\/\/cemedifa.com\/wp\/wp-json\/wp\/v2\/pages"}],"about":[{"href":"https:\/\/cemedifa.com\/wp\/wp-json\/wp\/v2\/types\/page"}],"author":[{"embeddable":true,"href":"https:\/\/cemedifa.com\/wp\/wp-json\/wp\/v2\/users\/6"}],"replies":[{"embeddable":true,"href":"https:\/\/cemedifa.com\/wp\/wp-json\/wp\/v2\/comments?post=39"}],"version-history":[{"count":21,"href":"https:\/\/cemedifa.com\/wp\/wp-json\/wp\/v2\/pages\/39\/revisions"}],"predecessor-version":[{"id":484,"href":"https:\/\/cemedifa.com\/wp\/wp-json\/wp\/v2\/pages\/39\/revisions\/484"}],"wp:attachment":[{"href":"https:\/\/cemedifa.com\/wp\/wp-json\/wp\/v2\/media?parent=39"}],"curies":[{"name":"wp","href":"https:\/\/api.w.org\/{rel}","templated":true}]}}